{"id":177,"date":"2021-12-23T12:31:10","date_gmt":"2021-12-23T12:31:10","guid":{"rendered":"https:\/\/demosites.royal-elementor-addons.com\/nature-v1\/?page_id=177"},"modified":"2024-10-02T09:01:47","modified_gmt":"2024-10-02T09:01:47","slug":"contact","status":"publish","type":"page","link":"https:\/\/xxs-filmfestival.de\/?page_id=177","title":{"rendered":"Kontakt"},"content":{"rendered":"\t\t<div data-elementor-type=\"wp-page\" data-elementor-id=\"177\" class=\"elementor elementor-177\" data-elementor-post-type=\"page\">\n\t\t\t\t\t\t<section class=\"elementor-section elementor-top-section elementor-element elementor-element-f097916 elementor-section-boxed elementor-section-height-default elementor-section-height-default wpr-particle-no wpr-jarallax-no wpr-parallax-no wpr-sticky-section-no\" data-id=\"f097916\" data-element_type=\"section\" data-settings=\"{&quot;background_background&quot;:&quot;classic&quot;}\">\n\t\t\t\t\t\t\t<div class=\"elementor-background-overlay\"><\/div>\n\t\t\t\t\t\t\t<div class=\"elementor-container elementor-column-gap-default\">\n\t\t\t\t\t<div class=\"elementor-column elementor-col-100 elementor-top-column elementor-element elementor-element-5ee69e9\" data-id=\"5ee69e9\" data-element_type=\"column\">\n\t\t\t<div class=\"elementor-widget-wrap elementor-element-populated\">\n\t\t\t\t\t\t<div class=\"elementor-element elementor-element-20fe6f1 elementor-widget elementor-widget-heading\" data-id=\"20fe6f1\" data-element_type=\"widget\" data-widget_type=\"heading.default\">\n\t\t\t\t<div class=\"elementor-widget-container\">\n\t\t\t<style>\/*! elementor - v3.22.0 - 17-06-2024 *\/\n.elementor-heading-title{padding:0;margin:0;line-height:1}.elementor-widget-heading .elementor-heading-title[class*=elementor-size-]>a{color:inherit;font-size:inherit;line-height:inherit}.elementor-widget-heading .elementor-heading-title.elementor-size-small{font-size:15px}.elementor-widget-heading .elementor-heading-title.elementor-size-medium{font-size:19px}.elementor-widget-heading .elementor-heading-title.elementor-size-large{font-size:29px}.elementor-widget-heading .elementor-heading-title.elementor-size-xl{font-size:39px}.elementor-widget-heading .elementor-heading-title.elementor-size-xxl{font-size:59px}<\/style><h2 class=\"elementor-heading-title elementor-size-default\">Kontakt<\/h2>\t\t<\/div>\n\t\t\t\t<\/div>\n\t\t\t\t\t<\/div>\n\t\t<\/div>\n\t\t\t\t\t<\/div>\n\t\t<\/section>\n\t\t<div class=\"elementor-element elementor-element-0623498 e-flex e-con-boxed wpr-particle-no wpr-jarallax-no wpr-parallax-no wpr-sticky-section-no e-con e-parent\" data-id=\"0623498\" data-element_type=\"container\">\n\t\t\t\t\t<div class=\"e-con-inner\">\n\t\t\t\t<div class=\"elementor-element elementor-element-1fdb0b7 elementor-widget elementor-widget-text-editor\" data-id=\"1fdb0b7\" data-element_type=\"widget\" data-widget_type=\"text-editor.default\">\n\t\t\t\t<div class=\"elementor-widget-container\">\n\t\t\t<style>\/*! elementor - v3.22.0 - 17-06-2024 *\/\n.elementor-widget-text-editor.elementor-drop-cap-view-stacked .elementor-drop-cap{background-color:#69727d;color:#fff}.elementor-widget-text-editor.elementor-drop-cap-view-framed .elementor-drop-cap{color:#69727d;border:3px solid;background-color:transparent}.elementor-widget-text-editor:not(.elementor-drop-cap-view-default) .elementor-drop-cap{margin-top:8px}.elementor-widget-text-editor:not(.elementor-drop-cap-view-default) .elementor-drop-cap-letter{width:1em;height:1em}.elementor-widget-text-editor .elementor-drop-cap{float:left;text-align:center;line-height:1;font-size:50px}.elementor-widget-text-editor .elementor-drop-cap-letter{display:inline-block}<\/style>\t\t\t\t<h1>KONTAKT \/ IMPRESSUM<\/h1><p><strong>Bildrausch Kurzfilmfestival e.V.<\/strong><br \/>Tewaagstra\u00dfe 1<br \/>44141 Dortmund<\/p><p><strong>Email:<\/strong> vorstand@xxs-filmfestival.de<\/p><p><strong>1. Vorsitzender<\/strong><strong><br \/><\/strong><\/p><p>Dirk Polte<\/p><p><strong>2. Vorsitzender<\/strong><\/p><p>Michael Polte<\/p><p><strong>1. Kassenpr\u00fcfer<\/strong><\/p><p>Oliver Schuster<\/p><p><strong>2. Kassenpr\u00fcfer<\/strong><\/p><p>Roman von G\u00f6tz<\/p><p><strong>Schatzmeister<\/strong><\/p><p>Werner Bohnen<\/p><p class=\"Copy-Link-White\"><strong>Pressekontakt<\/strong><\/p><p class=\"Copy-Link-White\">Dirk Polte<\/p><p><strong>Vereinsregister<\/strong><br \/>Amtsgericht Dortmund VR 6122<\/p><p><strong>Deutsche Steuernummer \/ Finanzamt Dortmund-Ost<\/strong><br \/>317\/5942\/2155<\/p><p><strong>Internationale Steuernummer \/ Bundesfinanzamt f\u00fcr Steuern<\/strong><br \/>DE34 23 77 215<\/p>\t\t\t\t\t\t<\/div>\n\t\t\t\t<\/div>\n\t\t\t\t\t<\/div>\n\t\t\t\t<\/div>\n\t\t\t\t<\/div>\n\t\t","protected":false},"excerpt":{"rendered":"<p>Kontakt KONTAKT \/ IMPRESSUM Bildrausch Kurzfilmfestival e.V.Tewaagstra\u00dfe 144141 Dortmund Email: vorstand@xxs-filmfestival.de 1. Vorsitzender Dirk Polte 2. Vorsitzender Michael Polte 1. Kassenpr\u00fcfer Oliver Schuster 2. Kassenpr\u00fcfer Roman von G\u00f6tz Schatzmeister Werner Bohnen Pressekontakt Dirk Polte VereinsregisterAmtsgericht Dortmund VR 6122 Deutsche Steuernummer \/ Finanzamt Dortmund-Ost317\/5942\/2155 Internationale Steuernummer \/ Bundesfinanzamt f\u00fcr SteuernDE34 23 77 215<\/p>\n","protected":false},"author":1,"featured_media":0,"parent":0,"menu_order":0,"comment_status":"closed","ping_status":"closed","template":"elementor_canvas","meta":{"footnotes":""},"class_list":["post-177","page","type-page","status-publish","hentry"],"yoast_head":"<!-- This site is optimized with the Yoast SEO plugin v23.2 - https:\/\/yoast.com\/wordpress\/plugins\/seo\/ -->\n<title>Kontakt - XXS Filmfestival<\/title>\n<meta name=\"robots\" content=\"index, follow, max-snippet:-1, max-image-preview:large, max-video-preview:-1\" \/>\n<link rel=\"canonical\" href=\"https:\/\/xxs-filmfestival.de\/?page_id=177\" \/>\n<meta property=\"og:locale\" content=\"de_DE\" \/>\n<meta property=\"og:type\" content=\"article\" \/>\n<meta property=\"og:title\" content=\"Kontakt - XXS Filmfestival\" \/>\n<meta property=\"og:description\" content=\"Kontakt KONTAKT \/ IMPRESSUM Bildrausch Kurzfilmfestival e.V.Tewaagstra\u00dfe 144141 Dortmund Email: vorstand@xxs-filmfestival.de 1. Vorsitzender Dirk Polte 2. Vorsitzender Michael Polte 1. Kassenpr\u00fcfer Oliver Schuster 2. Kassenpr\u00fcfer Roman von G\u00f6tz Schatzmeister Werner Bohnen Pressekontakt Dirk Polte VereinsregisterAmtsgericht Dortmund VR 6122 Deutsche Steuernummer \/ Finanzamt Dortmund-Ost317\/5942\/2155 Internationale Steuernummer \/ Bundesfinanzamt f\u00fcr SteuernDE34 23 77 215\" \/>\n<meta property=\"og:url\" content=\"https:\/\/xxs-filmfestival.de\/?page_id=177\" \/>\n<meta property=\"og:site_name\" content=\"XXS Filmfestival\" \/>\n<meta property=\"article:publisher\" content=\"https:\/\/de-de.facebook.com\/xxsfilmfestival\/\" \/>\n<meta property=\"article:modified_time\" content=\"2024-10-02T09:01:47+00:00\" \/>\n<meta name=\"twitter:card\" content=\"summary_large_image\" \/>\n<meta name=\"twitter:label1\" content=\"Gesch\u00e4tzte Lesezeit\" \/>\n\t<meta name=\"twitter:data1\" content=\"1\u00a0Minute\" \/>\n<script type=\"application\/ld+json\" class=\"yoast-schema-graph\">{\"@context\":\"https:\/\/schema.org\",\"@graph\":[{\"@type\":\"WebPage\",\"@id\":\"https:\/\/xxs-filmfestival.de\/?page_id=177\",\"url\":\"https:\/\/xxs-filmfestival.de\/?page_id=177\",\"name\":\"Kontakt - XXS Filmfestival\",\"isPartOf\":{\"@id\":\"https:\/\/xxs-filmfestival.de\/#website\"},\"datePublished\":\"2021-12-23T12:31:10+00:00\",\"dateModified\":\"2024-10-02T09:01:47+00:00\",\"breadcrumb\":{\"@id\":\"https:\/\/xxs-filmfestival.de\/?page_id=177#breadcrumb\"},\"inLanguage\":\"de\",\"potentialAction\":[{\"@type\":\"ReadAction\",\"target\":[\"https:\/\/xxs-filmfestival.de\/?page_id=177\"]}]},{\"@type\":\"BreadcrumbList\",\"@id\":\"https:\/\/xxs-filmfestival.de\/?page_id=177#breadcrumb\",\"itemListElement\":[{\"@type\":\"ListItem\",\"position\":1,\"name\":\"Startseite\",\"item\":\"https:\/\/xxs-filmfestival.de\/\"},{\"@type\":\"ListItem\",\"position\":2,\"name\":\"Kontakt\"}]},{\"@type\":\"WebSite\",\"@id\":\"https:\/\/xxs-filmfestival.de\/#website\",\"url\":\"https:\/\/xxs-filmfestival.de\/\",\"name\":\"XXS Filmfestival\",\"description\":\"Dortmunder Kurzfilm Festival\",\"publisher\":{\"@id\":\"https:\/\/xxs-filmfestival.de\/#organization\"},\"potentialAction\":[{\"@type\":\"SearchAction\",\"target\":{\"@type\":\"EntryPoint\",\"urlTemplate\":\"https:\/\/xxs-filmfestival.de\/?s={search_term_string}\"},\"query-input\":\"required name=search_term_string\"}],\"inLanguage\":\"de\"},{\"@type\":\"Organization\",\"@id\":\"https:\/\/xxs-filmfestival.de\/#organization\",\"name\":\"XXS Filmfestival\",\"url\":\"https:\/\/xxs-filmfestival.de\/\",\"logo\":{\"@type\":\"ImageObject\",\"inLanguage\":\"de\",\"@id\":\"https:\/\/xxs-filmfestival.de\/#\/schema\/logo\/image\/\",\"url\":\"https:\/\/xxs-filmfestival.de\/wp-content\/uploads\/2024\/05\/cropped-xxs-logo_rot_376px.png\",\"contentUrl\":\"https:\/\/xxs-filmfestival.de\/wp-content\/uploads\/2024\/05\/cropped-xxs-logo_rot_376px.png\",\"width\":376,\"height\":96,\"caption\":\"XXS Filmfestival\"},\"image\":{\"@id\":\"https:\/\/xxs-filmfestival.de\/#\/schema\/logo\/image\/\"},\"sameAs\":[\"https:\/\/de-de.facebook.com\/xxsfilmfestival\/\"]}]}<\/script>\n<!-- \/ Yoast SEO plugin. -->","yoast_head_json":{"title":"Kontakt - XXS Filmfestival","robots":{"index":"index","follow":"follow","max-snippet":"max-snippet:-1","max-image-preview":"max-image-preview:large","max-video-preview":"max-video-preview:-1"},"canonical":"https:\/\/xxs-filmfestival.de\/?page_id=177","og_locale":"de_DE","og_type":"article","og_title":"Kontakt - XXS Filmfestival","og_description":"Kontakt KONTAKT \/ IMPRESSUM Bildrausch Kurzfilmfestival e.V.Tewaagstra\u00dfe 144141 Dortmund Email: vorstand@xxs-filmfestival.de 1. Vorsitzender Dirk Polte 2. Vorsitzender Michael Polte 1. Kassenpr\u00fcfer Oliver Schuster 2. Kassenpr\u00fcfer Roman von G\u00f6tz Schatzmeister Werner Bohnen Pressekontakt Dirk Polte VereinsregisterAmtsgericht Dortmund VR 6122 Deutsche Steuernummer \/ Finanzamt Dortmund-Ost317\/5942\/2155 Internationale Steuernummer \/ Bundesfinanzamt f\u00fcr SteuernDE34 23 77 215","og_url":"https:\/\/xxs-filmfestival.de\/?page_id=177","og_site_name":"XXS Filmfestival","article_publisher":"https:\/\/de-de.facebook.com\/xxsfilmfestival\/","article_modified_time":"2024-10-02T09:01:47+00:00","twitter_card":"summary_large_image","twitter_misc":{"Gesch\u00e4tzte Lesezeit":"1\u00a0Minute"},"schema":{"@context":"https:\/\/schema.org","@graph":[{"@type":"WebPage","@id":"https:\/\/xxs-filmfestival.de\/?page_id=177","url":"https:\/\/xxs-filmfestival.de\/?page_id=177","name":"Kontakt - XXS Filmfestival","isPartOf":{"@id":"https:\/\/xxs-filmfestival.de\/#website"},"datePublished":"2021-12-23T12:31:10+00:00","dateModified":"2024-10-02T09:01:47+00:00","breadcrumb":{"@id":"https:\/\/xxs-filmfestival.de\/?page_id=177#breadcrumb"},"inLanguage":"de","potentialAction":[{"@type":"ReadAction","target":["https:\/\/xxs-filmfestival.de\/?page_id=177"]}]},{"@type":"BreadcrumbList","@id":"https:\/\/xxs-filmfestival.de\/?page_id=177#breadcrumb","itemListElement":[{"@type":"ListItem","position":1,"name":"Startseite","item":"https:\/\/xxs-filmfestival.de\/"},{"@type":"ListItem","position":2,"name":"Kontakt"}]},{"@type":"WebSite","@id":"https:\/\/xxs-filmfestival.de\/#website","url":"https:\/\/xxs-filmfestival.de\/","name":"XXS Filmfestival","description":"Dortmunder Kurzfilm Festival","publisher":{"@id":"https:\/\/xxs-filmfestival.de\/#organization"},"potentialAction":[{"@type":"SearchAction","target":{"@type":"EntryPoint","urlTemplate":"https:\/\/xxs-filmfestival.de\/?s={search_term_string}"},"query-input":"required name=search_term_string"}],"inLanguage":"de"},{"@type":"Organization","@id":"https:\/\/xxs-filmfestival.de\/#organization","name":"XXS Filmfestival","url":"https:\/\/xxs-filmfestival.de\/","logo":{"@type":"ImageObject","inLanguage":"de","@id":"https:\/\/xxs-filmfestival.de\/#\/schema\/logo\/image\/","url":"https:\/\/xxs-filmfestival.de\/wp-content\/uploads\/2024\/05\/cropped-xxs-logo_rot_376px.png","contentUrl":"https:\/\/xxs-filmfestival.de\/wp-content\/uploads\/2024\/05\/cropped-xxs-logo_rot_376px.png","width":376,"height":96,"caption":"XXS Filmfestival"},"image":{"@id":"https:\/\/xxs-filmfestival.de\/#\/schema\/logo\/image\/"},"sameAs":["https:\/\/de-de.facebook.com\/xxsfilmfestival\/"]}]}},"_links":{"self":[{"href":"https:\/\/xxs-filmfestival.de\/index.php?rest_route=\/wp\/v2\/pages\/177","targetHints":{"allow":["GET"]}}],"collection":[{"href":"https:\/\/xxs-filmfestival.de\/index.php?rest_route=\/wp\/v2\/pages"}],"about":[{"href":"https:\/\/xxs-filmfestival.de\/index.php?rest_route=\/wp\/v2\/types\/page"}],"author":[{"embeddable":true,"href":"https:\/\/xxs-filmfestival.de\/index.php?rest_route=\/wp\/v2\/users\/1"}],"replies":[{"embeddable":true,"href":"https:\/\/xxs-filmfestival.de\/index.php?rest_route=%2Fwp%2Fv2%2Fcomments&post=177"}],"version-history":[{"count":22,"href":"https:\/\/xxs-filmfestival.de\/index.php?rest_route=\/wp\/v2\/pages\/177\/revisions"}],"predecessor-version":[{"id":1021,"href":"https:\/\/xxs-filmfestival.de\/index.php?rest_route=\/wp\/v2\/pages\/177\/revisions\/1021"}],"wp:attachment":[{"href":"https:\/\/xxs-filmfestival.de\/index.php?rest_route=%2Fwp%2Fv2%2Fmedia&parent=177"}],"curies":[{"name":"wp","href":"https:\/\/api.w.org\/{rel}","templated":true}]}}